{"id":760466,"date":"2017-04-28T01:08:24","date_gmt":"2017-04-28T01:08:24","guid":{"rendered":"https:\/\/homomedical.com\/formaciones-homologacion-titulos-medicos\/"},"modified":"2025-02-12T09:49:08","modified_gmt":"2025-02-12T08:49:08","slug":"medical-training","status":"publish","type":"page","link":"https:\/\/pyreneesworldtravels.com\/en\/medical-training\/","title":{"rendered":"Medical Training"},"content":{"rendered":"<p>[vc_row][vc_column][vc_column_text]<\/p>\r\n\r\n<h2 class=\"wp-block-heading\" id=\"solo-para-medicos-residentes-europeos\">For European Resident Physicians only<\/h2>\r\n<p>&nbsp;<\/p>\r\n\r\n<p>&nbsp;<\/p>\r\n<p>[\/vc_column_text][\/vc_column][\/vc_row]<\/p>","protected":false},"excerpt":{"rendered":"<p>[vc_row][vc_column][vc_column_text] For European Resident Physicians only &nbsp; &nbsp; [\/vc_column_text][\/vc_column][\/vc_row]<\/p>\n","protected":false},"author":1,"featured_media":760467,"parent":0,"menu_order":0,"comment_status":"closed","ping_status":"closed","template":"","meta":{"_monsterinsights_skip_tracking":false,"_monsterinsights_sitenote_active":false,"_monsterinsights_sitenote_note":"","_monsterinsights_sitenote_category":0,"footnotes":""},"class_list":["post-760466","page","type-page","status-publish","has-post-thumbnail","hentry"],"yoast_head":"<!-- This site is optimized with the Yoast SEO plugin v27.4 - https:\/\/yoast.com\/product\/yoast-seo-wordpress\/ -->\n<title>Medical Training - Gestoria Pyrenees WT<\/title>\n<meta name=\"description\" content=\"M\u00e1s de 60 formaciones m\u00e9dicas y especialidades m\u00e9dicas as\u00ed como servicios de legalizaci\u00f3n de t\u00edtulos y certificaciones varias.\" \/>\n<meta name=\"robots\" content=\"index, follow, max-snippet:-1, max-image-preview:large, max-video-preview:-1\" \/>\n<link rel=\"canonical\" href=\"https:\/\/pyreneesworldtravels.com\/en\/medical-training\/\" \/>\n<meta property=\"og:locale\" content=\"en_US\" \/>\n<meta property=\"og:type\" content=\"article\" \/>\n<meta property=\"og:title\" content=\"Medical Training - Gestoria Pyrenees WT\" \/>\n<meta property=\"og:description\" content=\"M\u00e1s de 60 formaciones m\u00e9dicas y especialidades m\u00e9dicas as\u00ed como servicios de legalizaci\u00f3n de t\u00edtulos y certificaciones varias.\" \/>\n<meta property=\"og:url\" content=\"https:\/\/pyreneesworldtravels.com\/en\/medical-training\/\" \/>\n<meta property=\"og:site_name\" content=\"Gestoria Pyrenees WT\" \/>\n<meta property=\"article:modified_time\" content=\"2025-02-12T08:49:08+00:00\" \/>\n<meta property=\"og:image\" content=\"https:\/\/pyreneesworldtravels.com\/wp-content\/uploads\/2021\/08\/formaciones-medicas-para-homologar-titulos.jpg\" \/>\n\t<meta property=\"og:image:width\" content=\"1180\" \/>\n\t<meta property=\"og:image:height\" content=\"520\" \/>\n\t<meta property=\"og:image:type\" content=\"image\/jpeg\" \/>\n<meta name=\"twitter:card\" content=\"summary_large_image\" \/>\n<meta name=\"twitter:label1\" content=\"Est. reading time\" \/>\n\t<meta name=\"twitter:data1\" content=\"1 minute\" \/>\n<script type=\"application\/ld+json\" class=\"yoast-schema-graph\">{\"@context\":\"https:\\\/\\\/schema.org\",\"@graph\":[{\"@type\":\"WebPage\",\"@id\":\"https:\\\/\\\/pyreneesworldtravels.com\\\/en\\\/medical-training\\\/\",\"url\":\"https:\\\/\\\/pyreneesworldtravels.com\\\/en\\\/medical-training\\\/\",\"name\":\"Medical Training - Gestoria Pyrenees WT\",\"isPartOf\":{\"@id\":\"https:\\\/\\\/pyreneesworldtravels.com\\\/#website\"},\"primaryImageOfPage\":{\"@id\":\"https:\\\/\\\/pyreneesworldtravels.com\\\/en\\\/medical-training\\\/#primaryimage\"},\"image\":{\"@id\":\"https:\\\/\\\/pyreneesworldtravels.com\\\/en\\\/medical-training\\\/#primaryimage\"},\"thumbnailUrl\":\"https:\\\/\\\/pyreneesworldtravels.com\\\/wp-content\\\/uploads\\\/2021\\\/08\\\/formaciones-medicas-para-homologar-titulos.jpg\",\"datePublished\":\"2017-04-28T01:08:24+00:00\",\"dateModified\":\"2025-02-12T08:49:08+00:00\",\"description\":\"M\u00e1s de 60 formaciones m\u00e9dicas y especialidades m\u00e9dicas as\u00ed como servicios de legalizaci\u00f3n de t\u00edtulos y certificaciones varias.\",\"inLanguage\":\"en-US\",\"potentialAction\":[{\"@type\":\"ReadAction\",\"target\":[\"https:\\\/\\\/pyreneesworldtravels.com\\\/en\\\/medical-training\\\/\"]}]},{\"@type\":\"ImageObject\",\"inLanguage\":\"en-US\",\"@id\":\"https:\\\/\\\/pyreneesworldtravels.com\\\/en\\\/medical-training\\\/#primaryimage\",\"url\":\"https:\\\/\\\/pyreneesworldtravels.com\\\/wp-content\\\/uploads\\\/2021\\\/08\\\/formaciones-medicas-para-homologar-titulos.jpg\",\"contentUrl\":\"https:\\\/\\\/pyreneesworldtravels.com\\\/wp-content\\\/uploads\\\/2021\\\/08\\\/formaciones-medicas-para-homologar-titulos.jpg\",\"width\":1180,\"height\":520},{\"@type\":\"WebSite\",\"@id\":\"https:\\\/\\\/pyreneesworldtravels.com\\\/#website\",\"url\":\"https:\\\/\\\/pyreneesworldtravels.com\\\/\",\"name\":\"Gestoria Pyrenees WT\",\"description\":\"\",\"potentialAction\":[{\"@type\":\"SearchAction\",\"target\":{\"@type\":\"EntryPoint\",\"urlTemplate\":\"https:\\\/\\\/pyreneesworldtravels.com\\\/?s={search_term_string}\"},\"query-input\":{\"@type\":\"PropertyValueSpecification\",\"valueRequired\":true,\"valueName\":\"search_term_string\"}}],\"inLanguage\":\"en-US\"}]}<\/script>\n<!-- \/ Yoast SEO plugin. -->","yoast_head_json":{"title":"Medical Training - Gestoria Pyrenees WT","description":"M\u00e1s de 60 formaciones m\u00e9dicas y especialidades m\u00e9dicas as\u00ed como servicios de legalizaci\u00f3n de t\u00edtulos y certificaciones varias.","robots":{"index":"index","follow":"follow","max-snippet":"max-snippet:-1","max-image-preview":"max-image-preview:large","max-video-preview":"max-video-preview:-1"},"canonical":"https:\/\/pyreneesworldtravels.com\/en\/medical-training\/","og_locale":"en_US","og_type":"article","og_title":"Medical Training - Gestoria Pyrenees WT","og_description":"M\u00e1s de 60 formaciones m\u00e9dicas y especialidades m\u00e9dicas as\u00ed como servicios de legalizaci\u00f3n de t\u00edtulos y certificaciones varias.","og_url":"https:\/\/pyreneesworldtravels.com\/en\/medical-training\/","og_site_name":"Gestoria Pyrenees WT","article_modified_time":"2025-02-12T08:49:08+00:00","og_image":[{"width":1180,"height":520,"url":"https:\/\/pyreneesworldtravels.com\/wp-content\/uploads\/2021\/08\/formaciones-medicas-para-homologar-titulos.jpg","type":"image\/jpeg"}],"twitter_card":"summary_large_image","twitter_misc":{"Est. reading time":"1 minute"},"schema":{"@context":"https:\/\/schema.org","@graph":[{"@type":"WebPage","@id":"https:\/\/pyreneesworldtravels.com\/en\/medical-training\/","url":"https:\/\/pyreneesworldtravels.com\/en\/medical-training\/","name":"Medical Training - Gestoria Pyrenees WT","isPartOf":{"@id":"https:\/\/pyreneesworldtravels.com\/#website"},"primaryImageOfPage":{"@id":"https:\/\/pyreneesworldtravels.com\/en\/medical-training\/#primaryimage"},"image":{"@id":"https:\/\/pyreneesworldtravels.com\/en\/medical-training\/#primaryimage"},"thumbnailUrl":"https:\/\/pyreneesworldtravels.com\/wp-content\/uploads\/2021\/08\/formaciones-medicas-para-homologar-titulos.jpg","datePublished":"2017-04-28T01:08:24+00:00","dateModified":"2025-02-12T08:49:08+00:00","description":"M\u00e1s de 60 formaciones m\u00e9dicas y especialidades m\u00e9dicas as\u00ed como servicios de legalizaci\u00f3n de t\u00edtulos y certificaciones varias.","inLanguage":"en-US","potentialAction":[{"@type":"ReadAction","target":["https:\/\/pyreneesworldtravels.com\/en\/medical-training\/"]}]},{"@type":"ImageObject","inLanguage":"en-US","@id":"https:\/\/pyreneesworldtravels.com\/en\/medical-training\/#primaryimage","url":"https:\/\/pyreneesworldtravels.com\/wp-content\/uploads\/2021\/08\/formaciones-medicas-para-homologar-titulos.jpg","contentUrl":"https:\/\/pyreneesworldtravels.com\/wp-content\/uploads\/2021\/08\/formaciones-medicas-para-homologar-titulos.jpg","width":1180,"height":520},{"@type":"WebSite","@id":"https:\/\/pyreneesworldtravels.com\/#website","url":"https:\/\/pyreneesworldtravels.com\/","name":"Gestoria Pyrenees WT","description":"","potentialAction":[{"@type":"SearchAction","target":{"@type":"EntryPoint","urlTemplate":"https:\/\/pyreneesworldtravels.com\/?s={search_term_string}"},"query-input":{"@type":"PropertyValueSpecification","valueRequired":true,"valueName":"search_term_string"}}],"inLanguage":"en-US"}]}},"_links":{"self":[{"href":"https:\/\/pyreneesworldtravels.com\/en\/wp-json\/wp\/v2\/pages\/760466","targetHints":{"allow":["GET"]}}],"collection":[{"href":"https:\/\/pyreneesworldtravels.com\/en\/wp-json\/wp\/v2\/pages"}],"about":[{"href":"https:\/\/pyreneesworldtravels.com\/en\/wp-json\/wp\/v2\/types\/page"}],"author":[{"embeddable":true,"href":"https:\/\/pyreneesworldtravels.com\/en\/wp-json\/wp\/v2\/users\/1"}],"replies":[{"embeddable":true,"href":"https:\/\/pyreneesworldtravels.com\/en\/wp-json\/wp\/v2\/comments?post=760466"}],"version-history":[{"count":4,"href":"https:\/\/pyreneesworldtravels.com\/en\/wp-json\/wp\/v2\/pages\/760466\/revisions"}],"predecessor-version":[{"id":768230,"href":"https:\/\/pyreneesworldtravels.com\/en\/wp-json\/wp\/v2\/pages\/760466\/revisions\/768230"}],"wp:featuredmedia":[{"embeddable":true,"href":"https:\/\/pyreneesworldtravels.com\/en\/wp-json\/wp\/v2\/media\/760467"}],"wp:attachment":[{"href":"https:\/\/pyreneesworldtravels.com\/en\/wp-json\/wp\/v2\/media?parent=760466"}],"curies":[{"name":"wp","href":"https:\/\/api.w.org\/{rel}","templated":true}]}}