{"id":759812,"date":"2017-04-29T23:15:42","date_gmt":"2017-04-29T23:15:42","guid":{"rendered":"https:\/\/homomedical.com\/servicios-tramites-homologacion-titulos-medicos\/"},"modified":"2025-10-30T10:19:08","modified_gmt":"2025-10-30T09:19:08","slug":"services-and-procedures-for-the-academic-recognition-of-medical-qualifications-and-medical-specializations","status":"publish","type":"page","link":"https:\/\/pyreneesworldtravels.com\/en\/services-and-procedures-for-the-academic-recognition-of-medical-qualifications-and-medical-specializations\/","title":{"rendered":"Services and procedures for the academic recognition of medical qualifications and medical specializations"},"content":{"rendered":"<p>[vc_row css=&#8221;.vc_custom_1480278415555{padding-top: 60px !important;}&#8221;][vc_column][vc_custom_heading text=&#8221;Services and procedures for the academic recognition of medical qualifications and medical specializations&#8221; font_container=&#8221;tag:h1|text_align:center&#8221; google_fonts=&#8221;font_family:Lato%3A100%2C100italic%2C300%2C300italic%2Cregular%2Citalic%2C700%2C700italic%2C900%2C900italic|font_style:400%20regular%3A400%3Anormal&#8221; el_id=&#8221;homologacion&#8221;][vc_text_separator title=&#8221;&#8221; i_icon_fontawesome=&#8221;fa fa-arrow-down&#8221; i_color=&#8221;grey&#8221; i_size=&#8221;sm&#8221; el_width=&#8221;30&#8243; add_icon=&#8221;true&#8221;][\/vc_column][\/vc_row][vc_row][vc_column][vc_toggle title=&#8221;Academic recognition Doctor of Medicine university degree&#8221; style=&#8221;rounded&#8221; color=&#8221;sky&#8221; open=&#8221;true&#8221; custom_font_container=&#8221;tag:h2|font_size:22|text_align:left|color:%2340a8e4&#8243; custom_use_theme_fonts=&#8221;yes&#8221; use_custom_heading=&#8221;true&#8221;]We advise and process the <strong>official academic recognition and validation of university studies<\/strong> <strong>before the Spanish Ministry of Education and the Spanish Ministry of Health<\/strong>. Regarding <strong>the academic recognition of the Doctor of Medicine Degree <\/strong>to obtain the Spanish Doctor&#8217;s Degree credentials, this procedure is carried out before the Ministry of Education under the terms of Royal Decree 967\/2014, of 21 November, on the requirements and procedure for the recognition and resolution of equivalences. Procedures for the academic recognition of medical specialization degrees obtained in non-EU countries, on the other hand, are governed by Directive 2005\/36\/EC of 7 September.<\/p>\n<p>All the documents mentioned in points 1), 2) and 3) will be managed and legalized before the Ministry of Public Health (MINSAP), the Ministry of Justice (MINJUS) and by the Spanish Consulate in Havana or the country where it will enter into effect.<\/p>\n<ol>\n<li>Doctor of Medicine Degree (the original must be officially legalized by MINSAP, MINJUS and Consulate of Spain or country where it will enter into effect)<\/li>\n<li>Grade certificate of the 6-year degree (requesting and legalization by MINSAP, MINJUS and Consulate of Spain or country where it will enter into effect).<\/li>\n<li>Certificate of Good Practice and work history stating you have not been disqualified from the exercise of your profession (requesting and legalization by MINSAP, MINJUS and Spanish Consulate).<\/li>\n<li>Regarding the legalization procedure of the medical specialization degrees in any branch of medicine and in order not to have problems with the academic recognition applications, we inform you that all doctors from non-EU countries within the European Economic Community are subject to Directive 2005\/36\/EC, of 7 September (currently, they will only assess and submit applications once the Subdirecci\u00f3n General de Ordenaci\u00f3n Profesional assesses the documents provided by the applicant, who must provide the documentation in accordance with the accredited degree regulations required under Article 37.2 of RD 1837\/2008, of 8 November which transposes Directive 2005\/36\/EC of the European Parliament and of the council, of 7 September 2005, stating that the interested party must comply with the same training years required in the EU framework).<\/li>\n<\/ol>\n<p>[\/vc_toggle][vc_btn title=&#8221;Online application for homologations&#8221; color=&#8221;info&#8221; align=&#8221;center&#8221; i_type=&#8221;linecons&#8221; i_icon_linecons=&#8221;vc_li vc_li-note&#8221; add_icon=&#8221;true&#8221; link=&#8221;url:https%3A%2F%2Funiversidades.sede.gob.es%2Flogin%2Fcredentials|target:_blank&#8221; el_id=&#8221;reconocimiento&#8221;][vc_separator color=&#8221;sky&#8221; el_width=&#8221;70&#8243;][vc_toggle title=&#8221;Academic recognition of medical specializations&#8221; style=&#8221;rounded&#8221; color=&#8221;sky&#8221; open=&#8221;true&#8221; custom_font_container=&#8221;tag:h2|font_size:22|text_align:left|color:%2340a8e4&#8243; custom_use_theme_fonts=&#8221;yes&#8221; use_custom_heading=&#8221;true&#8221; el_id=&#8221;specializations&#8221;]Concerning the procedure for the academic recognition and validation of university degrees obtained in non-EU countries, the documents that must be submitted in the event of incompatibility of the medical specialization training programmes of any branch of Health are those that guarantee a positive report from the Spanish National Agency for Academic Qualifications (ANECA). This report is the guide used by the Examining Court of the Ministry of Health to issue the Medical Specialization credential in any of the specializations as long as the Ministry has received a positive report from ANECA to issue a positive outcome to a direct or conditioned credential, in the event that the requesting doctor has two specializations from outside the EU, the examination or validation of one of the two specialities must be requested. Our legal office offers a <strong>great experience in the procedures of academic recognitions and validations<\/strong>. We deliver a comprehensive report based on the two training programmes of both medical residencies, where the applicant must choose only one of the two specializations in order to obtain a positive recognition of the academic specialization.\u00a0In the event that the client chooses to request the full Legal Representation Services before the Ministry of Health from our office, the client will only have to provide the degrees of both specializations, committing ourselves to the client that his\/her file will be answered with a positive administrative resolution by the Spanish Ministry of Health (it is important that the client informs us of all his\/her master degrees, postgraduate degrees or diplomas). If you have a non-EU specialization, have applied directly and have more than 8 years of graduate experience, you must know that your records qualify. It is important to keep in mind that to apply for the academic recognition of medical specializations, the applicant must be a resident, with a residence and work permit, and must have an approved Doctor of Medicine Degree. The duration of this process cannot be specified. It is an administrative procedure that will depend on the needs of the ministries of the different autonomous communities in Spain.[\/vc_toggle][vc_btn title=&#8221;Application model for the academic recognition of medical specializations&#8221; color=&#8221;info&#8221; align=&#8221;center&#8221; i_type=&#8221;linecons&#8221; i_icon_linecons=&#8221;vc_li vc_li-note&#8221; add_icon=&#8221;true&#8221; link=&#8221;url:https%3A%2F%2Fpyreneesworldtravels.com%2Fwp-content%2Fuploads%2F2025%2F10%2FSOLICITUD-ESPECIALIDAD.pdf|target:_blank&#8221;][vc_separator color=&#8221;sky&#8221; el_width=&#8221;70&#8243; el_id=&#8221;otros&#8221;][vc_toggle title=&#8221;Other procedures for obtaining and legalizing Cuban certifications&#8221; style=&#8221;rounded&#8221; color=&#8221;sky&#8221; open=&#8221;true&#8221; custom_font_container=&#8221;tag:h2|font_size:22|text_align:left|color:%2340a8e4&#8243; custom_use_theme_fonts=&#8221;yes&#8221; use_custom_heading=&#8221;true&#8221; el_id=&#8221;others&#8221;]Procedures before the Cuban Administrations of Justice<\/p>\n<ul>\n<li>Marriage certificate<\/li>\n<li>Birth certificate<\/li>\n<li>Certificate of criminal records<\/li>\n<li>Marriage certificate with the marginal note of divorce<\/li>\n<li>Divorce certificate from the civil registry office<\/li>\n<li>Divorce decree and others<\/li>\n<li>Death certificate<\/li>\n<\/ul>\n<p>The certificates must duly legalized by the Minjus and Consulate of Spain or country where they will take effect.[\/vc_toggle][vc_separator color=&#8221;sky&#8221; el_width=&#8221;70&#8243; el_id=&#8221;tasas&#8221;][vc_toggle title=&#8221;Models and administrative fees&#8221; style=&#8221;rounded&#8221; color=&#8221;sky&#8221; open=&#8221;true&#8221; custom_font_container=&#8221;tag:h2|font_size:22|text_align:left|color:%2340a8e4&#8243; custom_use_theme_fonts=&#8221;yes&#8221; use_custom_heading=&#8221;true&#8221; el_id=&#8221;taxes&#8221;]Since 1 January 2003, a fee for the academic recognition and validation of foreign studies and degrees has been required, in accordance with Article 28 of Law 53\/2002, of 30 December, on Fiscal, Administrative and Social Order Actions, amended by the eighth final provision of Law 15\/2014, of 16 September, on the Rationalization of the Public Sector and other administrative reform policies.[\/vc_toggle][vc_btn title=&#8221;Academic recognition rates Model 790\/ Code 079&#8243; color=&#8221;info&#8221; align=&#8221;center&#8221; i_type=&#8221;linecons&#8221; i_icon_linecons=&#8221;vc_li vc_li-note&#8221; add_icon=&#8221;true&#8221; link=&#8221;url:https%3A%2F%2Fwww.ciencia.gob.es%2FUniversidades%2Fvalidate%2Ftasa.html|target:_blank&#8221;][\/vc_column][\/vc_row]<\/p>\n","protected":false},"excerpt":{"rendered":"<p>[vc_row css=&#8221;.vc_custom_1480278415555{padding-top: 60px !important;}&#8221;][vc_column][vc_custom_heading text=&#8221;Services and procedures for the academic recognition of medical qualifications and medical specializations&#8221; font_container=&#8221;tag:h1|text_align:center&#8221; google_fonts=&#8221;font_family:Lato%3A100%2C100italic%2C300%2C300italic%2Cregular%2Citalic%2C700%2C700italic%2C900%2C900italic|font_style:400%20regular%3A400%3Anormal&#8221; el_id=&#8221;homologacion&#8221;][vc_text_separator title=&#8221;&#8221; i_icon_fontawesome=&#8221;fa fa-arrow-down&#8221; i_color=&#8221;grey&#8221; i_size=&#8221;sm&#8221; el_width=&#8221;30&#8243; add_icon=&#8221;true&#8221;][\/vc_column][\/vc_row][vc_row][vc_column][vc_toggle title=&#8221;Academic recognition Doctor of Medicine university degree&#8221; style=&#8221;rounded&#8221; color=&#8221;sky&#8221; open=&#8221;true&#8221; custom_font_container=&#8221;tag:h2|font_size:22|text_align:left|color:%2340a8e4&#8243; custom_use_theme_fonts=&#8221;yes&#8221; use_custom_heading=&#8221;true&#8221;]We advise and process the official academic recognition and validation of university studies before the Spanish<\/p>\n","protected":false},"author":1,"featured_media":759813,"parent":0,"menu_order":0,"comment_status":"closed","ping_status":"closed","template":"","meta":{"_monsterinsights_skip_tracking":false,"_monsterinsights_sitenote_active":false,"_monsterinsights_sitenote_note":"","_monsterinsights_sitenote_category":0,"footnotes":""},"class_list":["post-759812","page","type-page","status-publish","has-post-thumbnail","hentry"],"yoast_head":"<!-- This site is optimized with the Yoast SEO plugin v27.4 - https:\/\/yoast.com\/product\/yoast-seo-wordpress\/ -->\n<title>Services and procedures for the academic recognition of medical qualifications and medical specializations - Gestoria Pyrenees WT<\/title>\n<meta name=\"description\" content=\"Tr\u00e1mites para la obtenci\u00f3n de la homologaci\u00f3n de t\u00edtulos m\u00e9dicos cubanos, reconocimiento de especialidades m\u00e9dicas, legalizaciones, etc.\" \/>\n<meta name=\"robots\" content=\"index, follow, max-snippet:-1, max-image-preview:large, max-video-preview:-1\" \/>\n<link rel=\"canonical\" href=\"https:\/\/pyreneesworldtravels.com\/en\/services-and-procedures-for-the-academic-recognition-of-medical-qualifications-and-medical-specializations\/\" \/>\n<meta property=\"og:locale\" content=\"en_US\" \/>\n<meta property=\"og:type\" content=\"article\" \/>\n<meta property=\"og:title\" content=\"Services and procedures for the academic recognition of medical qualifications and medical specializations - Gestoria Pyrenees WT\" \/>\n<meta property=\"og:description\" content=\"Tr\u00e1mites para la obtenci\u00f3n de la homologaci\u00f3n de t\u00edtulos m\u00e9dicos cubanos, reconocimiento de especialidades m\u00e9dicas, legalizaciones, etc.\" \/>\n<meta property=\"og:url\" content=\"https:\/\/pyreneesworldtravels.com\/en\/services-and-procedures-for-the-academic-recognition-of-medical-qualifications-and-medical-specializations\/\" \/>\n<meta property=\"og:site_name\" content=\"Gestoria Pyrenees WT\" \/>\n<meta property=\"article:modified_time\" content=\"2025-10-30T09:19:08+00:00\" \/>\n<meta property=\"og:image\" content=\"https:\/\/pyreneesworldtravels.com\/wp-content\/uploads\/2021\/09\/homologacion-titulos-medicos.jpg\" \/>\n\t<meta property=\"og:image:width\" content=\"1500\" \/>\n\t<meta property=\"og:image:height\" content=\"1001\" \/>\n\t<meta property=\"og:image:type\" content=\"image\/jpeg\" \/>\n<meta name=\"twitter:card\" content=\"summary_large_image\" \/>\n<meta name=\"twitter:label1\" content=\"Est. reading time\" \/>\n\t<meta name=\"twitter:data1\" content=\"5 minutes\" \/>\n<script type=\"application\/ld+json\" class=\"yoast-schema-graph\">{\"@context\":\"https:\\\/\\\/schema.org\",\"@graph\":[{\"@type\":\"WebPage\",\"@id\":\"https:\\\/\\\/pyreneesworldtravels.com\\\/en\\\/services-and-procedures-for-the-academic-recognition-of-medical-qualifications-and-medical-specializations\\\/\",\"url\":\"https:\\\/\\\/pyreneesworldtravels.com\\\/en\\\/services-and-procedures-for-the-academic-recognition-of-medical-qualifications-and-medical-specializations\\\/\",\"name\":\"Services and procedures for the academic recognition of medical qualifications and medical specializations - Gestoria Pyrenees WT\",\"isPartOf\":{\"@id\":\"https:\\\/\\\/pyreneesworldtravels.com\\\/#website\"},\"primaryImageOfPage\":{\"@id\":\"https:\\\/\\\/pyreneesworldtravels.com\\\/en\\\/services-and-procedures-for-the-academic-recognition-of-medical-qualifications-and-medical-specializations\\\/#primaryimage\"},\"image\":{\"@id\":\"https:\\\/\\\/pyreneesworldtravels.com\\\/en\\\/services-and-procedures-for-the-academic-recognition-of-medical-qualifications-and-medical-specializations\\\/#primaryimage\"},\"thumbnailUrl\":\"https:\\\/\\\/pyreneesworldtravels.com\\\/wp-content\\\/uploads\\\/2021\\\/09\\\/homologacion-titulos-medicos.jpg\",\"datePublished\":\"2017-04-29T23:15:42+00:00\",\"dateModified\":\"2025-10-30T09:19:08+00:00\",\"description\":\"Tr\u00e1mites para la obtenci\u00f3n de la homologaci\u00f3n de t\u00edtulos m\u00e9dicos cubanos, reconocimiento de especialidades m\u00e9dicas, legalizaciones, etc.\",\"inLanguage\":\"en-US\",\"potentialAction\":[{\"@type\":\"ReadAction\",\"target\":[\"https:\\\/\\\/pyreneesworldtravels.com\\\/en\\\/services-and-procedures-for-the-academic-recognition-of-medical-qualifications-and-medical-specializations\\\/\"]}]},{\"@type\":\"ImageObject\",\"inLanguage\":\"en-US\",\"@id\":\"https:\\\/\\\/pyreneesworldtravels.com\\\/en\\\/services-and-procedures-for-the-academic-recognition-of-medical-qualifications-and-medical-specializations\\\/#primaryimage\",\"url\":\"https:\\\/\\\/pyreneesworldtravels.com\\\/wp-content\\\/uploads\\\/2021\\\/09\\\/homologacion-titulos-medicos.jpg\",\"contentUrl\":\"https:\\\/\\\/pyreneesworldtravels.com\\\/wp-content\\\/uploads\\\/2021\\\/09\\\/homologacion-titulos-medicos.jpg\",\"width\":1500,\"height\":1001},{\"@type\":\"WebSite\",\"@id\":\"https:\\\/\\\/pyreneesworldtravels.com\\\/#website\",\"url\":\"https:\\\/\\\/pyreneesworldtravels.com\\\/\",\"name\":\"Gestoria Pyrenees WT\",\"description\":\"\",\"potentialAction\":[{\"@type\":\"SearchAction\",\"target\":{\"@type\":\"EntryPoint\",\"urlTemplate\":\"https:\\\/\\\/pyreneesworldtravels.com\\\/?s={search_term_string}\"},\"query-input\":{\"@type\":\"PropertyValueSpecification\",\"valueRequired\":true,\"valueName\":\"search_term_string\"}}],\"inLanguage\":\"en-US\"}]}<\/script>\n<!-- \/ Yoast SEO plugin. -->","yoast_head_json":{"title":"Services and procedures for the academic recognition of medical qualifications and medical specializations - Gestoria Pyrenees WT","description":"Tr\u00e1mites para la obtenci\u00f3n de la homologaci\u00f3n de t\u00edtulos m\u00e9dicos cubanos, reconocimiento de especialidades m\u00e9dicas, legalizaciones, etc.","robots":{"index":"index","follow":"follow","max-snippet":"max-snippet:-1","max-image-preview":"max-image-preview:large","max-video-preview":"max-video-preview:-1"},"canonical":"https:\/\/pyreneesworldtravels.com\/en\/services-and-procedures-for-the-academic-recognition-of-medical-qualifications-and-medical-specializations\/","og_locale":"en_US","og_type":"article","og_title":"Services and procedures for the academic recognition of medical qualifications and medical specializations - Gestoria Pyrenees WT","og_description":"Tr\u00e1mites para la obtenci\u00f3n de la homologaci\u00f3n de t\u00edtulos m\u00e9dicos cubanos, reconocimiento de especialidades m\u00e9dicas, legalizaciones, etc.","og_url":"https:\/\/pyreneesworldtravels.com\/en\/services-and-procedures-for-the-academic-recognition-of-medical-qualifications-and-medical-specializations\/","og_site_name":"Gestoria Pyrenees WT","article_modified_time":"2025-10-30T09:19:08+00:00","og_image":[{"width":1500,"height":1001,"url":"https:\/\/pyreneesworldtravels.com\/wp-content\/uploads\/2021\/09\/homologacion-titulos-medicos.jpg","type":"image\/jpeg"}],"twitter_card":"summary_large_image","twitter_misc":{"Est. reading time":"5 minutes"},"schema":{"@context":"https:\/\/schema.org","@graph":[{"@type":"WebPage","@id":"https:\/\/pyreneesworldtravels.com\/en\/services-and-procedures-for-the-academic-recognition-of-medical-qualifications-and-medical-specializations\/","url":"https:\/\/pyreneesworldtravels.com\/en\/services-and-procedures-for-the-academic-recognition-of-medical-qualifications-and-medical-specializations\/","name":"Services and procedures for the academic recognition of medical qualifications and medical specializations - Gestoria Pyrenees WT","isPartOf":{"@id":"https:\/\/pyreneesworldtravels.com\/#website"},"primaryImageOfPage":{"@id":"https:\/\/pyreneesworldtravels.com\/en\/services-and-procedures-for-the-academic-recognition-of-medical-qualifications-and-medical-specializations\/#primaryimage"},"image":{"@id":"https:\/\/pyreneesworldtravels.com\/en\/services-and-procedures-for-the-academic-recognition-of-medical-qualifications-and-medical-specializations\/#primaryimage"},"thumbnailUrl":"https:\/\/pyreneesworldtravels.com\/wp-content\/uploads\/2021\/09\/homologacion-titulos-medicos.jpg","datePublished":"2017-04-29T23:15:42+00:00","dateModified":"2025-10-30T09:19:08+00:00","description":"Tr\u00e1mites para la obtenci\u00f3n de la homologaci\u00f3n de t\u00edtulos m\u00e9dicos cubanos, reconocimiento de especialidades m\u00e9dicas, legalizaciones, etc.","inLanguage":"en-US","potentialAction":[{"@type":"ReadAction","target":["https:\/\/pyreneesworldtravels.com\/en\/services-and-procedures-for-the-academic-recognition-of-medical-qualifications-and-medical-specializations\/"]}]},{"@type":"ImageObject","inLanguage":"en-US","@id":"https:\/\/pyreneesworldtravels.com\/en\/services-and-procedures-for-the-academic-recognition-of-medical-qualifications-and-medical-specializations\/#primaryimage","url":"https:\/\/pyreneesworldtravels.com\/wp-content\/uploads\/2021\/09\/homologacion-titulos-medicos.jpg","contentUrl":"https:\/\/pyreneesworldtravels.com\/wp-content\/uploads\/2021\/09\/homologacion-titulos-medicos.jpg","width":1500,"height":1001},{"@type":"WebSite","@id":"https:\/\/pyreneesworldtravels.com\/#website","url":"https:\/\/pyreneesworldtravels.com\/","name":"Gestoria Pyrenees WT","description":"","potentialAction":[{"@type":"SearchAction","target":{"@type":"EntryPoint","urlTemplate":"https:\/\/pyreneesworldtravels.com\/?s={search_term_string}"},"query-input":{"@type":"PropertyValueSpecification","valueRequired":true,"valueName":"search_term_string"}}],"inLanguage":"en-US"}]}},"_links":{"self":[{"href":"https:\/\/pyreneesworldtravels.com\/en\/wp-json\/wp\/v2\/pages\/759812","targetHints":{"allow":["GET"]}}],"collection":[{"href":"https:\/\/pyreneesworldtravels.com\/en\/wp-json\/wp\/v2\/pages"}],"about":[{"href":"https:\/\/pyreneesworldtravels.com\/en\/wp-json\/wp\/v2\/types\/page"}],"author":[{"embeddable":true,"href":"https:\/\/pyreneesworldtravels.com\/en\/wp-json\/wp\/v2\/users\/1"}],"replies":[{"embeddable":true,"href":"https:\/\/pyreneesworldtravels.com\/en\/wp-json\/wp\/v2\/comments?post=759812"}],"version-history":[{"count":11,"href":"https:\/\/pyreneesworldtravels.com\/en\/wp-json\/wp\/v2\/pages\/759812\/revisions"}],"predecessor-version":[{"id":769783,"href":"https:\/\/pyreneesworldtravels.com\/en\/wp-json\/wp\/v2\/pages\/759812\/revisions\/769783"}],"wp:featuredmedia":[{"embeddable":true,"href":"https:\/\/pyreneesworldtravels.com\/en\/wp-json\/wp\/v2\/media\/759813"}],"wp:attachment":[{"href":"https:\/\/pyreneesworldtravels.com\/en\/wp-json\/wp\/v2\/media?parent=759812"}],"curies":[{"name":"wp","href":"https:\/\/api.w.org\/{rel}","templated":true}]}}